{"id":29,"date":"2015-02-28T08:25:04","date_gmt":"2015-02-28T08:25:04","guid":{"rendered":"http:\/\/epifani.se\/?page_id=29"},"modified":"2015-02-28T09:42:07","modified_gmt":"2015-02-28T09:42:07","slug":"rekrytering","status":"publish","type":"page","link":"https:\/\/epifani.se\/","title":{"rendered":"V\u00e4lkommen!"},"content":{"rendered":"<p style=\"text-align: left;\"><strong>E p i f a n i<\/strong> <span class=\"Epiphania style6\">&#8211; (<\/span><span class=\"NamnTeckning style6\"><span class=\"Epiphania\"><i>Epiphania<\/i>, gr. <i>epi&#8217;faneia<\/i>, &#8220;synligblivande uppenbarelse&#8221;)<\/span><\/span><\/p>\n<p><a href=\"http:\/\/epifani.se\/wp-content\/uploads\/2015\/02\/therese.jpg\"><img loading=\"lazy\" decoding=\"async\" class=\"  wp-image-66 alignleft\" src=\"http:\/\/epifani.se\/wp-content\/uploads\/2015\/02\/therese.jpg\" alt=\"therese\" width=\"193\" height=\"193\" srcset=\"https:\/\/epifani.se\/wp-content\/uploads\/2015\/02\/therese.jpg 190w, https:\/\/epifani.se\/wp-content\/uploads\/2015\/02\/therese-150x150.jpg 150w\" sizes=\"(max-width: 193px) 100vw, 193px\" \/><\/a>F\u00f6retag och organisationer beh\u00f6ver ledare som utvecklas och som f\u00f6ljer med i utvecklingen. Och medarbetare som vill, kan och orkar. Ledare beh\u00f6ver ha team som fungerar. V\u00e4lbefinnande f\u00f6r individ och grupp ger friskare och mer effektiva medarbetare. Detta \u00f6kar f\u00f6retagens l\u00f6nsamhet.<\/p>\n<p>Mitt jobb \u00e4r att f\u00e5 m\u00e4nniskor p\u00e5 f\u00f6retag att ta ansvar f\u00f6r sig och sin utveckling. Jag ska bidra till att individers\/ledares\/f\u00f6retags uppsatta m\u00e5l blir verklighet.<\/p>\n<p style=\"text-align: right;\"><em>Ther\u00e9se Birnstingl<\/em><\/p>\n","protected":false},"excerpt":{"rendered":"<p>E p i f a n i &#8211; (Epiphania, gr. epi&#8217;faneia, &#8220;synligblivande uppenbarelse&#8221;) F\u00f6retag och organisationer beh\u00f6ver ledare som utvecklas och som f\u00f6ljer med i utvecklingen. Och medarbetare som vill, kan och orkar. Ledare beh\u00f6ver ha team som fungerar. V\u00e4lbefinnande f\u00f6r individ och grupp ger friskare och mer effektiva medarbetare. Detta \u00f6kar f\u00f6retagens l\u00f6nsamhet. Mitt &hellip; <a href=\"https:\/\/epifani.se\/\" class=\"more-link\">Continue reading <span class=\"screen-reader-text\">V\u00e4lkommen!<\/span> <span class=\"meta-nav\">&rarr;<\/span><\/a><\/p>\n","protected":false},"author":1,"featured_media":0,"parent":0,"menu_order":0,"comment_status":"open","ping_status":"open","template":"","meta":{"footnotes":""},"_links":{"self":[{"href":"https:\/\/epifani.se\/index.php?rest_route=\/wp\/v2\/pages\/29"}],"collection":[{"href":"https:\/\/epifani.se\/index.php?rest_route=\/wp\/v2\/pages"}],"about":[{"href":"https:\/\/epifani.se\/index.php?rest_route=\/wp\/v2\/types\/page"}],"author":[{"embeddable":true,"href":"https:\/\/epifani.se\/index.php?rest_route=\/wp\/v2\/users\/1"}],"replies":[{"embeddable":true,"href":"https:\/\/epifani.se\/index.php?rest_route=%2Fwp%2Fv2%2Fcomments&post=29"}],"version-history":[{"count":15,"href":"https:\/\/epifani.se\/index.php?rest_route=\/wp\/v2\/pages\/29\/revisions"}],"predecessor-version":[{"id":75,"href":"https:\/\/epifani.se\/index.php?rest_route=\/wp\/v2\/pages\/29\/revisions\/75"}],"wp:attachment":[{"href":"https:\/\/epifani.se\/index.php?rest_route=%2Fwp%2Fv2%2Fmedia&parent=29"}],"curies":[{"name":"wp","href":"https:\/\/api.w.org\/{rel}","templated":true}]}}